{"id":8488,"date":"2018-03-14T10:39:45","date_gmt":"2018-03-14T15:39:45","guid":{"rendered":"https:\/\/thinktv.ca\/?page_id=8488"},"modified":"2024-06-06T11:00:26","modified_gmt":"2024-06-06T15:00:26","slug":"about-us","status":"publish","type":"page","link":"https:\/\/thinktv.ca\/fr\/about-us\/","title":{"rendered":"\u00e0 propos de nous"},"content":{"rendered":"<p class=\"intro-text\">think<strong>tv<\/strong> est une association de marketing et de recherche d\u00e9di\u00e9e \u00e0 l\u2019\u00e9volution de la t\u00e9l\u00e9vision commerciale.<\/p>\n<p>\u00c0 l\u2019aide de recherches, d\u2019exemples de r\u00e9ussites et de donn\u00e9es concluantes provenant du monde entier, nous transformons les adeptes de la t\u00e9l\u00e9vision en d\u00e9fenseurs de celle-ci et les r\u00e9calcitrants en adeptes.<\/p>\n<p>Nous savons que la t\u00e9l\u00e9vision avec sa port\u00e9e in\u00e9gal\u00e9e, son contenu de qualit\u00e9 et son format qui attire l\u2019attention demeure le v\u00e9hicule publicitaire le plus attrayant et le plus efficace dont disposent les publicitaires. Bref, c\u2019est le meilleur outil pour lancer un produit, b\u00e2tir une marque et stimuler les ventes.<\/p>\n<h3>Comment y parvenons-nous?<\/h3>\n<p>Nous sommes chevronn\u00e9s dans l\u2019\u00e9laboration de recherches. Nous avons publi\u00e9 plusieurs recherches afin que vous disposiez de toute l\u2019information dont vous avez besoin pour prendre les meilleures d\u00e9cisions dans l\u2019\u00e9laboration de vos planifications m\u00e9dias. Vous souhaitez en savoir plus? Nous demeurons \u00e0 votre disposition pour vous renseigner sur des sujets comme l\u2019\u00e9ducation ou la formation. De plus, nous pouvons vous guider pour des recherches approfondies sur les m\u00e9dias et leur auditoire. C\u2019est avec plaisir que nous r\u00e9pondrons \u00e0 vos questions sur la recherche ou les m\u00e9dias.\u00a0<a href=\"https:\/\/thinktv.ca\/fr\/contact\/\">Vous n&rsquo;avez qu&rsquo;\u00e0 nous le demander.<\/a><\/p>\n<p><em>think<strong>tv<\/strong>\u00a0est soutenue par ses soci\u00e9t\u00e9s membres qui, ensemble, repr\u00e9sentent plus de 95\u00a0% des revenus de la publicit\u00e9 t\u00e9l\u00e9visuelle commerciale au Canada.<\/em><\/p>\n<p><em>think<strong>tv<\/strong>\u00a0est fi\u00e8re de collaborer avec de nombreuses organisations, aussi bien au Canada qu\u2019\u00e0 l\u2019\u00e9chelle internationale, dont l\u2019Association canadienne des annonceurs (ACA), les Institute of Communication Agencies (ICA), Numeris, Nlogic, Ad Standards Canada (ASC), Thinkbox (au Royaume-Uni), le Video Advertising Bureau (aux \u00c9tats-Unis), et le Global TV Group.<\/em><\/p>\n","protected":false},"excerpt":{"rendered":"<p>thinktv est une association de marketing et de recherche d\u00e9di\u00e9e \u00e0 l\u2019\u00e9volution de la t\u00e9l\u00e9vision commerciale. \u00c0 l\u2019aide de recherches,<\/p>\n","protected":false},"author":12,"featured_media":0,"parent":0,"menu_order":2,"comment_status":"closed","ping_status":"closed","template":"","meta":{"_acf_changed":false,"content-type":"","_relevanssi_hide_post":"","_relevanssi_hide_content":"","_relevanssi_pin_for_all":"","_relevanssi_pin_keywords":"","_relevanssi_unpin_keywords":"","_relevanssi_related_keywords":"","_relevanssi_related_include_ids":"","_relevanssi_related_exclude_ids":"","_relevanssi_related_no_append":"","_relevanssi_related_not_related":"","_relevanssi_related_posts":"","_relevanssi_noindex_reason":"","footnotes":""},"class_list":["post-8488","page","type-page","status-publish","hentry"],"acf":[],"yoast_head":"<!-- This site is optimized with the Yoast SEO plugin v27.4 - https:\/\/yoast.com\/product\/yoast-seo-wordpress\/ -->\n<title>\u00e0 propos de nous - thinkTV<\/title>\n<meta name=\"robots\" content=\"index, follow, max-snippet:-1, max-image-preview:large, max-video-preview:-1\" \/>\n<link rel=\"canonical\" href=\"https:\/\/thinktv.ca\/fr\/about-us\/\" \/>\n<meta property=\"og:locale\" content=\"fr_FR\" \/>\n<meta property=\"og:type\" content=\"article\" \/>\n<meta property=\"og:title\" content=\"\u00e0 propos de nous - thinkTV\" \/>\n<meta property=\"og:description\" content=\"thinktv est une association de marketing et de recherche d\u00e9di\u00e9e \u00e0 l\u2019\u00e9volution de la t\u00e9l\u00e9vision commerciale. \u00c0 l\u2019aide de recherches,\" \/>\n<meta property=\"og:url\" content=\"https:\/\/thinktv.ca\/fr\/about-us\/\" \/>\n<meta property=\"og:site_name\" content=\"thinkTV\" \/>\n<meta property=\"article:modified_time\" content=\"2024-06-06T15:00:26+00:00\" \/>\n<meta name=\"twitter:card\" content=\"summary_large_image\" \/>\n<meta name=\"twitter:label1\" content=\"Dur\u00e9e de lecture estim\u00e9e\" \/>\n\t<meta name=\"twitter:data1\" content=\"2 minutes\" \/>\n<script type=\"application\/ld+json\" class=\"yoast-schema-graph\">{\"@context\":\"https:\\\/\\\/schema.org\",\"@graph\":[{\"@type\":\"WebPage\",\"@id\":\"https:\\\/\\\/thinktv.ca\\\/fr\\\/about-us\\\/\",\"url\":\"https:\\\/\\\/thinktv.ca\\\/fr\\\/about-us\\\/\",\"name\":\"\u00e0 propos de nous - thinkTV\",\"isPartOf\":{\"@id\":\"https:\\\/\\\/thinktv.ca\\\/fr\\\/#website\"},\"datePublished\":\"2018-03-14T15:39:45+00:00\",\"dateModified\":\"2024-06-06T15:00:26+00:00\",\"breadcrumb\":{\"@id\":\"https:\\\/\\\/thinktv.ca\\\/fr\\\/about-us\\\/#breadcrumb\"},\"inLanguage\":\"fr-FR\",\"potentialAction\":[{\"@type\":\"ReadAction\",\"target\":[\"https:\\\/\\\/thinktv.ca\\\/fr\\\/about-us\\\/\"]}]},{\"@type\":\"BreadcrumbList\",\"@id\":\"https:\\\/\\\/thinktv.ca\\\/fr\\\/about-us\\\/#breadcrumb\",\"itemListElement\":[{\"@type\":\"ListItem\",\"position\":1,\"name\":\"Home\",\"item\":\"https:\\\/\\\/thinktv.ca\\\/fr\\\/\"},{\"@type\":\"ListItem\",\"position\":2,\"name\":\"\u00e0 propos de nous\"}]},{\"@type\":\"WebSite\",\"@id\":\"https:\\\/\\\/thinktv.ca\\\/fr\\\/#website\",\"url\":\"https:\\\/\\\/thinktv.ca\\\/fr\\\/\",\"name\":\"thinkTV\",\"description\":\"thinkTV\",\"potentialAction\":[{\"@type\":\"SearchAction\",\"target\":{\"@type\":\"EntryPoint\",\"urlTemplate\":\"https:\\\/\\\/thinktv.ca\\\/fr\\\/?s={search_term_string}\"},\"query-input\":{\"@type\":\"PropertyValueSpecification\",\"valueRequired\":true,\"valueName\":\"search_term_string\"}}],\"inLanguage\":\"fr-FR\"}]}<\/script>\n<!-- \/ Yoast SEO plugin. -->","yoast_head_json":{"title":"\u00e0 propos de nous - thinkTV","robots":{"index":"index","follow":"follow","max-snippet":"max-snippet:-1","max-image-preview":"max-image-preview:large","max-video-preview":"max-video-preview:-1"},"canonical":"https:\/\/thinktv.ca\/fr\/about-us\/","og_locale":"fr_FR","og_type":"article","og_title":"\u00e0 propos de nous - thinkTV","og_description":"thinktv est une association de marketing et de recherche d\u00e9di\u00e9e \u00e0 l\u2019\u00e9volution de la t\u00e9l\u00e9vision commerciale. \u00c0 l\u2019aide de recherches,","og_url":"https:\/\/thinktv.ca\/fr\/about-us\/","og_site_name":"thinkTV","article_modified_time":"2024-06-06T15:00:26+00:00","twitter_card":"summary_large_image","twitter_misc":{"Dur\u00e9e de lecture estim\u00e9e":"2 minutes"},"schema":{"@context":"https:\/\/schema.org","@graph":[{"@type":"WebPage","@id":"https:\/\/thinktv.ca\/fr\/about-us\/","url":"https:\/\/thinktv.ca\/fr\/about-us\/","name":"\u00e0 propos de nous - thinkTV","isPartOf":{"@id":"https:\/\/thinktv.ca\/fr\/#website"},"datePublished":"2018-03-14T15:39:45+00:00","dateModified":"2024-06-06T15:00:26+00:00","breadcrumb":{"@id":"https:\/\/thinktv.ca\/fr\/about-us\/#breadcrumb"},"inLanguage":"fr-FR","potentialAction":[{"@type":"ReadAction","target":["https:\/\/thinktv.ca\/fr\/about-us\/"]}]},{"@type":"BreadcrumbList","@id":"https:\/\/thinktv.ca\/fr\/about-us\/#breadcrumb","itemListElement":[{"@type":"ListItem","position":1,"name":"Home","item":"https:\/\/thinktv.ca\/fr\/"},{"@type":"ListItem","position":2,"name":"\u00e0 propos de nous"}]},{"@type":"WebSite","@id":"https:\/\/thinktv.ca\/fr\/#website","url":"https:\/\/thinktv.ca\/fr\/","name":"thinkTV","description":"thinkTV","potentialAction":[{"@type":"SearchAction","target":{"@type":"EntryPoint","urlTemplate":"https:\/\/thinktv.ca\/fr\/?s={search_term_string}"},"query-input":{"@type":"PropertyValueSpecification","valueRequired":true,"valueName":"search_term_string"}}],"inLanguage":"fr-FR"}]}},"_links":{"self":[{"href":"https:\/\/thinktv.ca\/fr\/wp-json\/wp\/v2\/pages\/8488","targetHints":{"allow":["GET"]}}],"collection":[{"href":"https:\/\/thinktv.ca\/fr\/wp-json\/wp\/v2\/pages"}],"about":[{"href":"https:\/\/thinktv.ca\/fr\/wp-json\/wp\/v2\/types\/page"}],"author":[{"embeddable":true,"href":"https:\/\/thinktv.ca\/fr\/wp-json\/wp\/v2\/users\/12"}],"replies":[{"embeddable":true,"href":"https:\/\/thinktv.ca\/fr\/wp-json\/wp\/v2\/comments?post=8488"}],"version-history":[{"count":0,"href":"https:\/\/thinktv.ca\/fr\/wp-json\/wp\/v2\/pages\/8488\/revisions"}],"wp:attachment":[{"href":"https:\/\/thinktv.ca\/fr\/wp-json\/wp\/v2\/media?parent=8488"}],"curies":[{"name":"wp","href":"https:\/\/api.w.org\/{rel}","templated":true}]}}