{"id":8734,"date":"2018-04-18T15:11:10","date_gmt":"2018-04-18T20:11:10","guid":{"rendered":"https:\/\/thinktv.ca\/think-clearance\/"},"modified":"2025-06-02T15:35:53","modified_gmt":"2025-06-02T19:35:53","slug":"think-clearance","status":"publish","type":"page","link":"https:\/\/thinktv.ca\/fr\/think-clearance\/","title":{"rendered":"think clearance"},"content":{"rendered":"<p>L\u2019\u00e9quipe de <em>think<strong>tv<\/strong> clearance<\/em>, charg\u00e9e de l\u2019approbation des messages publicitaires, travaille au nom des t\u00e9l\u00e9diffuseurs canadiens afin d\u2019aider les annonceurs et les agences \u00e0 diffuser leurs publicit\u00e9s le plus efficacement possible. En plus d\u2019approuver les publicit\u00e9s finales, nos analystes experts accompagnent les annonceurs tout au long du processus en offrant des conseils sur les id\u00e9es cr\u00e9atives, les sc\u00e9narios et la production, assurant ainsi leur conformit\u00e9 aux lignes directrices.<\/p>\n<p><a class=\"double-arrow-link\" href=\"https:\/\/clearance.thinktv.ca\/fr\/login\" target=\"_blank\" rel=\"noopener\">connectez-vous au site thinktv clearance<\/a><\/p>\n<p><a class=\"double-arrow-link\" href=\"https:\/\/thinktv.ca\/fr\/think-clearance\/lignes-directrices\/\">nos lignes directrices et lettres<\/a><\/p>\n<hr \/>\n<p class=\"intro-text\"><strong><img loading=\"lazy\" decoding=\"async\" class=\"wp-image-55705 alignleft\" src=\"https:\/\/thinktv.ca\/wp-content\/uploads\/2025\/05\/think-clearance-2025-black-BG-removed.png\" alt=\"\" width=\"386\" height=\"194\" srcset=\"https:\/\/thinktv.ca\/wp-content\/uploads\/2025\/05\/think-clearance-2025-black-BG-removed.png 711w, https:\/\/thinktv.ca\/wp-content\/uploads\/2025\/05\/think-clearance-2025-black-BG-removed-300x151.png 300w, https:\/\/thinktv.ca\/wp-content\/uploads\/2025\/05\/think-clearance-2025-black-BG-removed-600x301.png 600w, https:\/\/thinktv.ca\/wp-content\/uploads\/2025\/05\/think-clearance-2025-black-BG-removed-525x264.png 525w\" sizes=\"auto, (max-width: 386px) 100vw, 386px\" \/><\/strong><\/p>\n<p>&nbsp;<\/p>\n<p class=\"intro-text\"><strong>coordonn\u00e9es<\/strong><\/p>\n<p>Adresse Courriel: <a href=\"mailto:info@thinktv.ca\">info@thinktv.ca<\/a><br \/>\nT\u00e9l.: (416) 923-8813 x2<\/p>\n","protected":false},"excerpt":{"rendered":"<p>L\u2019\u00e9quipe de thinktv clearance, charg\u00e9e de l\u2019approbation des messages publicitaires, travaille au nom des t\u00e9l\u00e9diffuseurs canadiens afin d\u2019aider les annonceurs<\/p>\n","protected":false},"author":12,"featured_media":0,"parent":0,"menu_order":0,"comment_status":"closed","ping_status":"closed","template":"","meta":{"_acf_changed":false,"content-type":"","_relevanssi_hide_post":"","_relevanssi_hide_content":"","_relevanssi_pin_for_all":"","_relevanssi_pin_keywords":"","_relevanssi_unpin_keywords":"","_relevanssi_related_keywords":"","_relevanssi_related_include_ids":"","_relevanssi_related_exclude_ids":"","_relevanssi_related_no_append":"","_relevanssi_related_not_related":"","_relevanssi_related_posts":"","_relevanssi_noindex_reason":"","footnotes":""},"class_list":["post-8734","page","type-page","status-publish","hentry"],"acf":[],"yoast_head":"<!-- This site is optimized with the Yoast SEO plugin v27.4 - https:\/\/yoast.com\/product\/yoast-seo-wordpress\/ -->\n<title>think clearance - thinkTV<\/title>\n<meta name=\"robots\" content=\"index, follow, max-snippet:-1, max-image-preview:large, max-video-preview:-1\" \/>\n<link rel=\"canonical\" href=\"https:\/\/thinktv.ca\/fr\/think-clearance\/\" \/>\n<meta property=\"og:locale\" content=\"fr_FR\" \/>\n<meta property=\"og:type\" content=\"article\" \/>\n<meta property=\"og:title\" content=\"think clearance - thinkTV\" \/>\n<meta property=\"og:description\" content=\"L\u2019\u00e9quipe de thinktv clearance, charg\u00e9e de l\u2019approbation des messages publicitaires, travaille au nom des t\u00e9l\u00e9diffuseurs canadiens afin d\u2019aider les annonceurs\" \/>\n<meta property=\"og:url\" content=\"https:\/\/thinktv.ca\/fr\/think-clearance\/\" \/>\n<meta property=\"og:site_name\" content=\"thinkTV\" \/>\n<meta property=\"article:modified_time\" content=\"2025-06-02T19:35:53+00:00\" \/>\n<meta property=\"og:image\" content=\"https:\/\/thinktv.ca\/wp-content\/uploads\/2025\/05\/think-clearance-2025-black-BG-removed.png\" \/>\n\t<meta property=\"og:image:width\" content=\"711\" \/>\n\t<meta property=\"og:image:height\" content=\"357\" \/>\n\t<meta property=\"og:image:type\" content=\"image\/png\" \/>\n<meta name=\"twitter:card\" content=\"summary_large_image\" \/>\n<meta name=\"twitter:label1\" content=\"Dur\u00e9e de lecture estim\u00e9e\" \/>\n\t<meta name=\"twitter:data1\" content=\"1 minute\" \/>\n<script type=\"application\/ld+json\" class=\"yoast-schema-graph\">{\"@context\":\"https:\\\/\\\/schema.org\",\"@graph\":[{\"@type\":\"WebPage\",\"@id\":\"https:\\\/\\\/thinktv.ca\\\/fr\\\/think-clearance\\\/\",\"url\":\"https:\\\/\\\/thinktv.ca\\\/fr\\\/think-clearance\\\/\",\"name\":\"think clearance - thinkTV\",\"isPartOf\":{\"@id\":\"https:\\\/\\\/thinktv.ca\\\/fr\\\/#website\"},\"primaryImageOfPage\":{\"@id\":\"https:\\\/\\\/thinktv.ca\\\/fr\\\/think-clearance\\\/#primaryimage\"},\"image\":{\"@id\":\"https:\\\/\\\/thinktv.ca\\\/fr\\\/think-clearance\\\/#primaryimage\"},\"thumbnailUrl\":\"https:\\\/\\\/thinktv.ca\\\/wp-content\\\/uploads\\\/2025\\\/05\\\/think-clearance-2025-black-BG-removed.png\",\"datePublished\":\"2018-04-18T20:11:10+00:00\",\"dateModified\":\"2025-06-02T19:35:53+00:00\",\"breadcrumb\":{\"@id\":\"https:\\\/\\\/thinktv.ca\\\/fr\\\/think-clearance\\\/#breadcrumb\"},\"inLanguage\":\"fr-FR\",\"potentialAction\":[{\"@type\":\"ReadAction\",\"target\":[\"https:\\\/\\\/thinktv.ca\\\/fr\\\/think-clearance\\\/\"]}]},{\"@type\":\"ImageObject\",\"inLanguage\":\"fr-FR\",\"@id\":\"https:\\\/\\\/thinktv.ca\\\/fr\\\/think-clearance\\\/#primaryimage\",\"url\":\"https:\\\/\\\/thinktv.ca\\\/wp-content\\\/uploads\\\/2025\\\/05\\\/think-clearance-2025-black-BG-removed.png\",\"contentUrl\":\"https:\\\/\\\/thinktv.ca\\\/wp-content\\\/uploads\\\/2025\\\/05\\\/think-clearance-2025-black-BG-removed.png\"},{\"@type\":\"BreadcrumbList\",\"@id\":\"https:\\\/\\\/thinktv.ca\\\/fr\\\/think-clearance\\\/#breadcrumb\",\"itemListElement\":[{\"@type\":\"ListItem\",\"position\":1,\"name\":\"Home\",\"item\":\"https:\\\/\\\/thinktv.ca\\\/fr\\\/\"},{\"@type\":\"ListItem\",\"position\":2,\"name\":\"think clearance\"}]},{\"@type\":\"WebSite\",\"@id\":\"https:\\\/\\\/thinktv.ca\\\/fr\\\/#website\",\"url\":\"https:\\\/\\\/thinktv.ca\\\/fr\\\/\",\"name\":\"thinkTV\",\"description\":\"thinkTV\",\"potentialAction\":[{\"@type\":\"SearchAction\",\"target\":{\"@type\":\"EntryPoint\",\"urlTemplate\":\"https:\\\/\\\/thinktv.ca\\\/fr\\\/?s={search_term_string}\"},\"query-input\":{\"@type\":\"PropertyValueSpecification\",\"valueRequired\":true,\"valueName\":\"search_term_string\"}}],\"inLanguage\":\"fr-FR\"}]}<\/script>\n<!-- \/ Yoast SEO plugin. -->","yoast_head_json":{"title":"think clearance - thinkTV","robots":{"index":"index","follow":"follow","max-snippet":"max-snippet:-1","max-image-preview":"max-image-preview:large","max-video-preview":"max-video-preview:-1"},"canonical":"https:\/\/thinktv.ca\/fr\/think-clearance\/","og_locale":"fr_FR","og_type":"article","og_title":"think clearance - thinkTV","og_description":"L\u2019\u00e9quipe de thinktv clearance, charg\u00e9e de l\u2019approbation des messages publicitaires, travaille au nom des t\u00e9l\u00e9diffuseurs canadiens afin d\u2019aider les annonceurs","og_url":"https:\/\/thinktv.ca\/fr\/think-clearance\/","og_site_name":"thinkTV","article_modified_time":"2025-06-02T19:35:53+00:00","og_image":[{"width":711,"height":357,"url":"https:\/\/thinktv.ca\/wp-content\/uploads\/2025\/05\/think-clearance-2025-black-BG-removed.png","type":"image\/png"}],"twitter_card":"summary_large_image","twitter_misc":{"Dur\u00e9e de lecture estim\u00e9e":"1 minute"},"schema":{"@context":"https:\/\/schema.org","@graph":[{"@type":"WebPage","@id":"https:\/\/thinktv.ca\/fr\/think-clearance\/","url":"https:\/\/thinktv.ca\/fr\/think-clearance\/","name":"think clearance - thinkTV","isPartOf":{"@id":"https:\/\/thinktv.ca\/fr\/#website"},"primaryImageOfPage":{"@id":"https:\/\/thinktv.ca\/fr\/think-clearance\/#primaryimage"},"image":{"@id":"https:\/\/thinktv.ca\/fr\/think-clearance\/#primaryimage"},"thumbnailUrl":"https:\/\/thinktv.ca\/wp-content\/uploads\/2025\/05\/think-clearance-2025-black-BG-removed.png","datePublished":"2018-04-18T20:11:10+00:00","dateModified":"2025-06-02T19:35:53+00:00","breadcrumb":{"@id":"https:\/\/thinktv.ca\/fr\/think-clearance\/#breadcrumb"},"inLanguage":"fr-FR","potentialAction":[{"@type":"ReadAction","target":["https:\/\/thinktv.ca\/fr\/think-clearance\/"]}]},{"@type":"ImageObject","inLanguage":"fr-FR","@id":"https:\/\/thinktv.ca\/fr\/think-clearance\/#primaryimage","url":"https:\/\/thinktv.ca\/wp-content\/uploads\/2025\/05\/think-clearance-2025-black-BG-removed.png","contentUrl":"https:\/\/thinktv.ca\/wp-content\/uploads\/2025\/05\/think-clearance-2025-black-BG-removed.png"},{"@type":"BreadcrumbList","@id":"https:\/\/thinktv.ca\/fr\/think-clearance\/#breadcrumb","itemListElement":[{"@type":"ListItem","position":1,"name":"Home","item":"https:\/\/thinktv.ca\/fr\/"},{"@type":"ListItem","position":2,"name":"think clearance"}]},{"@type":"WebSite","@id":"https:\/\/thinktv.ca\/fr\/#website","url":"https:\/\/thinktv.ca\/fr\/","name":"thinkTV","description":"thinkTV","potentialAction":[{"@type":"SearchAction","target":{"@type":"EntryPoint","urlTemplate":"https:\/\/thinktv.ca\/fr\/?s={search_term_string}"},"query-input":{"@type":"PropertyValueSpecification","valueRequired":true,"valueName":"search_term_string"}}],"inLanguage":"fr-FR"}]}},"_links":{"self":[{"href":"https:\/\/thinktv.ca\/fr\/wp-json\/wp\/v2\/pages\/8734","targetHints":{"allow":["GET"]}}],"collection":[{"href":"https:\/\/thinktv.ca\/fr\/wp-json\/wp\/v2\/pages"}],"about":[{"href":"https:\/\/thinktv.ca\/fr\/wp-json\/wp\/v2\/types\/page"}],"author":[{"embeddable":true,"href":"https:\/\/thinktv.ca\/fr\/wp-json\/wp\/v2\/users\/12"}],"replies":[{"embeddable":true,"href":"https:\/\/thinktv.ca\/fr\/wp-json\/wp\/v2\/comments?post=8734"}],"version-history":[{"count":0,"href":"https:\/\/thinktv.ca\/fr\/wp-json\/wp\/v2\/pages\/8734\/revisions"}],"wp:attachment":[{"href":"https:\/\/thinktv.ca\/fr\/wp-json\/wp\/v2\/media?parent=8734"}],"curies":[{"name":"wp","href":"https:\/\/api.w.org\/{rel}","templated":true}]}}